{"id":724,"date":"2022-04-08T18:11:45","date_gmt":"2022-04-08T16:11:45","guid":{"rendered":"https:\/\/www.brenne-au-coeur.com\/?page_id=724"},"modified":"2022-12-29T20:20:02","modified_gmt":"2022-12-29T19:20:02","slug":"a-propos","status":"publish","type":"page","link":"https:\/\/www.brenne-au-coeur.com\/index.php\/a-propos\/","title":{"rendered":"\u00c0 propos"},"content":{"rendered":"<!-- Widget Shortcode --><div id=\"block-4\" class=\"widget widget_block widget-shortcode area-arbitrary \"><h3> <\/h3><\/div><!-- \/Widget Shortcode -->\n<figure id=\"attachment_2587\" aria-describedby=\"caption-attachment-2587\" style=\"width: 300px\" class=\"wp-caption alignleft\"><a href=\"https:\/\/www.brenne-au-coeur.com\/wp-content\/uploads\/2022\/11\/Philippe_Gitton.jpg\" rel=\"lightbox[724]\"><img loading=\"lazy\" decoding=\"async\" class=\"wp-image-2587 size-medium\" src=\"https:\/\/www.brenne-au-coeur.com\/wp-content\/uploads\/2022\/11\/Philippe_Gitton-300x300.jpg\" alt=\"\" width=\"300\" height=\"300\" srcset=\"https:\/\/www.brenne-au-coeur.com\/wp-content\/uploads\/2022\/11\/Philippe_Gitton-300x300.jpg 300w, https:\/\/www.brenne-au-coeur.com\/wp-content\/uploads\/2022\/11\/Philippe_Gitton-150x150.jpg 150w, https:\/\/www.brenne-au-coeur.com\/wp-content\/uploads\/2022\/11\/Philippe_Gitton-768x768.jpg 768w, https:\/\/www.brenne-au-coeur.com\/wp-content\/uploads\/2022\/11\/Philippe_Gitton-45x45.jpg 45w, https:\/\/www.brenne-au-coeur.com\/wp-content\/uploads\/2022\/11\/Philippe_Gitton.jpg 992w\" sizes=\"auto, (max-width: 300px) 100vw, 300px\" \/><\/a><figcaption id=\"caption-attachment-2587\" class=\"wp-caption-text\">Philippe Gitton<\/figcaption><\/figure>\n<p><span style=\"font-family: DejaVu Sans, sans-serif;\"><span style=\"font-size: medium;\">Je suis <strong>Philippe Gitton<\/strong>, j\u2019ai eu 65 ans en 2022 et suis le cr\u00e9ateur de ce blog.<\/span><\/span><\/p>\n<p><span style=\"font-family: DejaVu Sans, sans-serif;\"><span style=\"font-size: medium;\">Nous sommes litt\u00e9ralement tomb\u00e9s sous le charme de cette r\u00e9gion&nbsp;; un coup de c\u0153ur qui nous a pouss\u00e9, avec mon \u00e9pouse, \u00e0 quitter Paris en ao\u00fbt 2016, pour vivre en Brenne. Nous avons \u00e9t\u00e9 s\u00e9duits par la s\u00e9r\u00e9nit\u00e9 de ses paysages, la richesse de sa faune et la tranquillit\u00e9 au quotidien. Ses bienfaits se sont enrichis de la d\u00e9couverte d\u2019une vie culturelle et associative f\u00e9conde, qui a encourag\u00e9 mon implication dans celle des Orchid\u00e9es, \u00e0 l\u2019EHPAD de M\u00e9zi\u00e8res-en-Brenne. En 2018, je suis devenu correspondant local \u00e0 la <a href=\"https:\/\/www.lanouvellerepublique.fr\/\">Nouvelle R\u00e9publique<\/a>. J\u2019ai trouv\u00e9 l\u00e0 l\u2019occasion de r\u00e9aliser ce que je souhaitais \u00e0 mon arriv\u00e9e&nbsp;: c\u00f4toyer les gens qui agissent pour le vivre ensemble. J\u2019ai bien appr\u00e9hend\u00e9 ma nouvelle vie et la n\u00e9cessit\u00e9 d\u2019un engagement plus personnel. Fort d\u2019une formation de journaliste (fonction que j\u2019ai exerc\u00e9e \u00e0 la Nouvelle Vie Ouvri\u00e8re, l\u2019hebdomadaire de la CGT, mais aussi dans des journaux associatifs, comme le \u00ab&nbsp;<a href=\"https:\/\/www.18dumois.info\/\">18e du mois<\/a>&nbsp;\u00bb, \u00e0 Paris), la cr\u00e9ation d\u2019un blog s\u2019est vite impos\u00e9e \u00e0 moi.<\/span><\/span><\/p>\n<p><a href=\"https:\/\/www.brenne-au-coeur.com\"><strong><span style=\"font-family: DejaVu Sans, sans-serif;\"><span style=\"font-size: medium;\">Brenne-au-coeur<\/span><\/span><\/strong><\/a><span style=\"font-family: DejaVu Sans, sans-serif;\"><span style=\"font-size: medium;\"> est un <\/span><\/span><span style=\"font-family: DejaVu Sans, sans-serif;\"><span style=\"font-size: medium;\">site<\/span><\/span><span style=\"font-family: DejaVu Sans, sans-serif;\"><span style=\"font-size: medium;\"> dont la vocation est de rendre compte de l\u2019actualit\u00e9 culturelle, sportive et festive <\/span><\/span><span style=\"font-family: DejaVu Sans, sans-serif;\"><span style=\"font-size: medium;\">de notre belle r\u00e9gion. Il<\/span><\/span><span style=\"font-family: DejaVu Sans, sans-serif;\"><span style=\"font-size: medium;\"> met \u00e0 la disposition des visiteurs, un ensemble d\u2019informations sur les \u00e9v\u00e9nements <\/span><\/span><span style=\"font-family: DejaVu Sans, sans-serif;\"><span style=\"font-size: medium;\">qui y sont <\/span><\/span><span style=\"font-family: DejaVu Sans, sans-serif;\"><span style=\"font-size: medium;\">organis\u00e9s tout au long de l\u2019ann\u00e9e. Reportages et portraits illustreront les f\u00eates, les expositions, les rencontres sportives, les animations, les concerts et autres manifestations. Celles-ci sont r\u00e9alis\u00e9es, la plupart du temps, par les associations, les municipalit\u00e9s au travers des m\u00e9diath\u00e8ques, par exemple. Diff\u00e9rentes rubriques permettront aux visiteurs de retrouver les articles regroup\u00e9s par <\/span><\/span><span style=\"font-family: DejaVu Sans, sans-serif;\"><span style=\"font-size: medium;\">village ou sites remarquables<\/span><\/span><span style=\"font-family: DejaVu Sans, sans-serif;\"><span style=\"font-size: medium;\">. Une place sera \u00e9galement r\u00e9serv\u00e9e \u00e0 l\u2019histoire, tr\u00e8s riche, de notre territoire. Au final, il s\u2019agit de relayer toutes les initiatives qui favorisent le \u00ab\u00a0vivre ensemble\u00a0\u00bb. Un abonnement, totalement gratuit, permettra de recevoir chaque nouvel article d\u00e8s sa parution. Merci de nous faire part de vos critiques et encouragements.<\/span><\/span><\/p>\n<p><span style=\"font-family: DejaVu Sans, sans-serif;\"><span style=\"font-size: medium;\">Philippe Gitton<\/span><\/span><\/p>\n<p>&nbsp;<\/p>\n","protected":false},"excerpt":{"rendered":"<p>Je suis Philippe Gitton, j\u2019ai eu 65 ans en 2022 et suis le cr\u00e9ateur de ce blog. Nous sommes litt\u00e9ralement tomb\u00e9s sous le charme de cette r\u00e9gion&nbsp;; un coup de c\u0153ur qui nous a pouss\u00e9, avec mon \u00e9pouse, \u00e0 quitter Paris en ao\u00fbt 2016, pour vivre en Brenne. Nous avons \u00e9t\u00e9 s\u00e9duits par la s\u00e9r\u00e9nit\u00e9&hellip;&nbsp;<a href=\"https:\/\/www.brenne-au-coeur.com\/index.php\/a-propos\/\" rel=\"bookmark\">Lire la suite&nbsp;&raquo;<span class=\"screen-reader-text\">\u00c0 propos<\/span><\/a><\/p>\n","protected":false},"author":1,"featured_media":0,"parent":0,"menu_order":0,"comment_status":"closed","ping_status":"closed","template":"","meta":{"rop_custom_images_group":[],"rop_custom_messages_group":[],"rop_publish_now":"initial","rop_publish_now_accounts":[],"rop_publish_now_history":[],"rop_publish_now_status":"pending","_monsterinsights_skip_tracking":false,"_monsterinsights_sitenote_active":false,"_monsterinsights_sitenote_note":"","_monsterinsights_sitenote_category":0,"neve_meta_sidebar":"","neve_meta_container":"","neve_meta_enable_content_width":"off","neve_meta_content_width":100,"neve_meta_title_alignment":"","neve_meta_author_avatar":"","neve_post_elements_order":"","neve_meta_disable_header":"","neve_meta_disable_footer":"","neve_meta_disable_title":"","footnotes":""},"class_list":["post-724","page","type-page","status-publish","hentry"],"aioseo_notices":[],"jetpack-related-posts":[],"jetpack_sharing_enabled":true,"_links":{"self":[{"href":"https:\/\/www.brenne-au-coeur.com\/index.php\/wp-json\/wp\/v2\/pages\/724","targetHints":{"allow":["GET"]}}],"collection":[{"href":"https:\/\/www.brenne-au-coeur.com\/index.php\/wp-json\/wp\/v2\/pages"}],"about":[{"href":"https:\/\/www.brenne-au-coeur.com\/index.php\/wp-json\/wp\/v2\/types\/page"}],"author":[{"embeddable":true,"href":"https:\/\/www.brenne-au-coeur.com\/index.php\/wp-json\/wp\/v2\/users\/1"}],"replies":[{"embeddable":true,"href":"https:\/\/www.brenne-au-coeur.com\/index.php\/wp-json\/wp\/v2\/comments?post=724"}],"version-history":[{"count":2,"href":"https:\/\/www.brenne-au-coeur.com\/index.php\/wp-json\/wp\/v2\/pages\/724\/revisions"}],"predecessor-version":[{"id":3640,"href":"https:\/\/www.brenne-au-coeur.com\/index.php\/wp-json\/wp\/v2\/pages\/724\/revisions\/3640"}],"wp:attachment":[{"href":"https:\/\/www.brenne-au-coeur.com\/index.php\/wp-json\/wp\/v2\/media?parent=724"}],"curies":[{"name":"wp","href":"https:\/\/api.w.org\/{rel}","templated":true}]}}