{"id":1865,"date":"2022-05-20T12:50:36","date_gmt":"2022-05-20T10:50:36","guid":{"rendered":"https:\/\/www.brenne-au-coeur.com\/?page_id=1865"},"modified":"2022-05-20T13:32:08","modified_gmt":"2022-05-20T11:32:08","slug":"fontgombault","status":"publish","type":"page","link":"https:\/\/www.brenne-au-coeur.com\/index.php\/fontgombault\/","title":{"rendered":"Fontgombault"},"content":{"rendered":"<p><!-- Widget Shortcode --><div id=\"block-4\" class=\"widget widget_block widget-shortcode area-arbitrary \"><h3> <\/h3><\/div><!-- \/Widget Shortcode --><br \/>\n<!-- Widget Shortcode --><div id=\"rpwe_widget-26\" class=\"widget rpwe_widget recent-posts-extended widget-shortcode area-arbitrary \"><style>.rpwe-block ul{\r\nlist-style: none !important;\r\nmargin-left: 0 !important;\r\npadding-left: 0 !important;\r\n}\r\n\r\n.rpwe-block li{\r\nborder-bottom: 1px solid #eee;\r\nmargin-bottom: 10px;\r\npadding-bottom: 10px;\r\nlist-style-type: none;\r\n}\r\n\r\n.rpwe-block a{\r\ndisplay: inline !important;\r\ntext-decoration: none;\r\n}\r\n\r\n.rpwe-block h2{\r\nbackground: none !important;\r\nclear: none;\r\nmargin-bottom: 0 !important;\r\nmargin-top: 0 !important;\r\nfont-weight: 200;\r\nfont-size: 12px !important;\r\nline-height: 1.5em;\r\n}\r\n\r\n.rpwe-thumb{\r\nborder: 1px solid #eee !important;\r\nbox-shadow: none !important;\r\nmargin: 2px 10px 2px 0;\r\npadding: 3px !important;\r\n}\r\n\r\n.rpwe-summary{\r\nfont-size: 16px;\r\n}\r\n\r\n.rpwe-time{\r\ncolor: #bbb;\r\nfont-size: 12px;\r\n}\r\n\r\n.rpwe-comment{\r\ncolor: #bbb;\r\nfont-size: 16px;\r\npadding-left: 5px;\r\n}\r\n\r\n.rpwe-alignleft{\r\ndisplay: inline;\r\nfloat: left;\r\n}\r\n\r\n.rpwe-alignright{\r\ndisplay: inline;\r\nfloat: right;\r\n}\r\n\r\n.rpwe-aligncenter{\r\ndisplay: block;\r\nmargin-left: auto;\r\nmargin-right: auto;\r\n}\r\n\r\n.rpwe-clearfix:before,\r\n.rpwe-clearfix:after{\r\ncontent: &quot;&quot;;\r\ndisplay: table !important;\r\n}\r\n\r\n.rpwe-clearfix:after{\r\nclear: both;\r\n}\r\n\r\n.rpwe-clearfix{\r\nzoom: 1;\r\n}\r\n<\/style><h2 class=\"widgettitle\">Fongombault<\/h2><div  class=\"rpwe-block\"><ul class=\"rpwe-ul\"><li class=\"rpwe-li rpwe-clearfix\"><a class=\"rpwe-img\" href=\"https:\/\/www.brenne-au-coeur.com\/index.php\/2022\/05\/09\/poesie-musique-et-chant-pres-de-chez-nous\/fongombault\/1542\/\" target=\"_self\"><img class=\"rpwe-alignleft rpwe-thumb\" src=\"https:\/\/www.brenne-au-coeur.com\/wp-content\/uploads\/2022\/05\/marie-coutant-120x120.jpg\" alt=\"Po\u00e9sie, musique et chant pr\u00e8s de chez nous\" height=\"120\" width=\"120\" loading=\"lazy\" decoding=\"async\"><\/a><h3 class=\"rpwe-title\"><a href=\"https:\/\/www.brenne-au-coeur.com\/index.php\/2022\/05\/09\/poesie-musique-et-chant-pres-de-chez-nous\/fongombault\/1542\/\" target=\"_self\">Po\u00e9sie, musique et chant pr\u00e8s de chez nous<\/a><\/h3><time class=\"rpwe-time published\" datetime=\"2022-05-09T21:57:19+02:00\">9 mai 2022<\/time><div class=\"rpwe-summary\">Deux spectacles sont propos\u00e9s prochainement. Remy Troadec \u00e0 Fontgombault, le samedi 14 mai et Marie Coutant, le dimanche 12 juin \u00e0 Clion-sur-Indre. Au programme l\u2019amour des mots et une certaine id\u00e9e du r\u00f4le des artistes. &nbsp; \u00ab&nbsp;La po\u00e9sie est une clameur. Elle doit \u00eatre entendue comme la musique. Toute po\u00e9sie &hellip;<a href=\"https:\/\/www.brenne-au-coeur.com\/index.php\/2022\/05\/09\/poesie-musique-et-chant-pres-de-chez-nous\/fongombault\/1542\/\" class=\"more-link\">Lire la suite...<\/a><\/div><\/li><\/ul><\/div><!-- Generated by http:\/\/wordpress.org\/plugins\/recent-posts-widget-extended\/ --><\/div><!-- \/Widget Shortcode --><\/p>\n","protected":false},"excerpt":{"rendered":"","protected":false},"author":1,"featured_media":0,"parent":0,"menu_order":0,"comment_status":"closed","ping_status":"closed","template":"","meta":{"rop_custom_images_group":[],"rop_custom_messages_group":[],"rop_publish_now":"initial","rop_publish_now_accounts":[],"rop_publish_now_history":[],"rop_publish_now_status":"pending","_monsterinsights_skip_tracking":false,"_monsterinsights_sitenote_active":false,"_monsterinsights_sitenote_note":"","_monsterinsights_sitenote_category":0,"neve_meta_sidebar":"","neve_meta_container":"","neve_meta_enable_content_width":"off","neve_meta_content_width":100,"neve_meta_title_alignment":"","neve_meta_author_avatar":"","neve_post_elements_order":"","neve_meta_disable_header":"","neve_meta_disable_footer":"","neve_meta_disable_title":"","footnotes":""},"class_list":["post-1865","page","type-page","status-publish","hentry"],"aioseo_notices":[],"jetpack-related-posts":[],"jetpack_sharing_enabled":true,"_links":{"self":[{"href":"https:\/\/www.brenne-au-coeur.com\/index.php\/wp-json\/wp\/v2\/pages\/1865","targetHints":{"allow":["GET"]}}],"collection":[{"href":"https:\/\/www.brenne-au-coeur.com\/index.php\/wp-json\/wp\/v2\/pages"}],"about":[{"href":"https:\/\/www.brenne-au-coeur.com\/index.php\/wp-json\/wp\/v2\/types\/page"}],"author":[{"embeddable":true,"href":"https:\/\/www.brenne-au-coeur.com\/index.php\/wp-json\/wp\/v2\/users\/1"}],"replies":[{"embeddable":true,"href":"https:\/\/www.brenne-au-coeur.com\/index.php\/wp-json\/wp\/v2\/comments?post=1865"}],"version-history":[{"count":3,"href":"https:\/\/www.brenne-au-coeur.com\/index.php\/wp-json\/wp\/v2\/pages\/1865\/revisions"}],"predecessor-version":[{"id":1877,"href":"https:\/\/www.brenne-au-coeur.com\/index.php\/wp-json\/wp\/v2\/pages\/1865\/revisions\/1877"}],"wp:attachment":[{"href":"https:\/\/www.brenne-au-coeur.com\/index.php\/wp-json\/wp\/v2\/media?parent=1865"}],"curies":[{"name":"wp","href":"https:\/\/api.w.org\/{rel}","templated":true}]}}