{"id":1758,"date":"2022-05-15T16:42:40","date_gmt":"2022-05-15T14:42:40","guid":{"rendered":"https:\/\/www.brenne-au-coeur.com\/?page_id=1758"},"modified":"2022-05-15T16:53:48","modified_gmt":"2022-05-15T14:53:48","slug":"chatillon-sur-indre","status":"publish","type":"page","link":"https:\/\/www.brenne-au-coeur.com\/index.php\/chatillon-sur-indre\/","title":{"rendered":"Ch\u00e2tillon-sur-Indre"},"content":{"rendered":"<p><!-- Widget Shortcode --><div id=\"block-4\" class=\"widget widget_block widget-shortcode area-arbitrary \"><h3> <\/h3><\/div><!-- \/Widget Shortcode --><br \/>\n<!-- Widget Shortcode --><div id=\"rpwe_widget-24\" class=\"widget rpwe_widget recent-posts-extended widget-shortcode area-arbitrary \"><style>.rpwe-block ul{\r\nlist-style: none !important;\r\nmargin-left: 0 !important;\r\npadding-left: 0 !important;\r\n}\r\n\r\n.rpwe-block li{\r\nborder-bottom: 1px solid #eee;\r\nmargin-bottom: 10px;\r\npadding-bottom: 10px;\r\nlist-style-type: none;\r\n}\r\n\r\n.rpwe-block a{\r\ndisplay: inline !important;\r\ntext-decoration: none;\r\n}\r\n\r\n.rpwe-block h2{\r\nbackground: none !important;\r\nclear: none;\r\nmargin-bottom: 0 !important;\r\nmargin-top: 0 !important;\r\nfont-weight: 200;\r\nfont-size: 12px !important;\r\nline-height: 1.5em;\r\n}\r\n\r\n.rpwe-thumb{\r\nborder: 1px solid #eee !important;\r\nbox-shadow: none !important;\r\nmargin: 2px 10px 2px 0;\r\npadding: 3px !important;\r\n}\r\n\r\n.rpwe-summary{\r\nfont-size: 16px;\r\n}\r\n\r\n.rpwe-time{\r\ncolor: #bbb;\r\nfont-size: 12px;\r\n}\r\n\r\n.rpwe-comment{\r\ncolor: #bbb;\r\nfont-size: 16px;\r\npadding-left: 5px;\r\n}\r\n\r\n.rpwe-alignleft{\r\ndisplay: inline;\r\nfloat: left;\r\n}\r\n\r\n.rpwe-alignright{\r\ndisplay: inline;\r\nfloat: right;\r\n}\r\n\r\n.rpwe-aligncenter{\r\ndisplay: block;\r\nmargin-left: auto;\r\nmargin-right: auto;\r\n}\r\n\r\n.rpwe-clearfix:before,\r\n.rpwe-clearfix:after{\r\ncontent: &quot;&quot;;\r\ndisplay: table !important;\r\n}\r\n\r\n.rpwe-clearfix:after{\r\nclear: both;\r\n}\r\n\r\n.rpwe-clearfix{\r\nzoom: 1;\r\n}\r\n<\/style><h2 class=\"widgettitle\">Ch\u00e2tillon sur Indre<\/h2><div  class=\"rpwe-block\"><ul class=\"rpwe-ul\"><li class=\"rpwe-li rpwe-clearfix\"><a class=\"rpwe-img\" href=\"https:\/\/www.brenne-au-coeur.com\/index.php\/2025\/12\/09\/concert-de-noel-a-chatillon-2\/chatillon-sur-indre\/7297\/\" target=\"_self\"><img class=\"rpwe-alignleft rpwe-thumb\" src=\"https:\/\/www.brenne-au-coeur.com\/wp-content\/uploads\/2025\/12\/thumbnail_Concert-de-Noel-2025-Chatillon-120x120.jpg\" alt=\"Concert de No\u00ebl \u00e0 Ch\u00e2tillon\" height=\"120\" width=\"120\" loading=\"lazy\" decoding=\"async\"><\/a><h3 class=\"rpwe-title\"><a href=\"https:\/\/www.brenne-au-coeur.com\/index.php\/2025\/12\/09\/concert-de-noel-a-chatillon-2\/chatillon-sur-indre\/7297\/\" target=\"_self\">Concert de No\u00ebl \u00e0 Ch\u00e2tillon<\/a><\/h3><time class=\"rpwe-time published\" datetime=\"2025-12-09T16:42:04+01:00\">9 d\u00e9cembre 2025<\/time><div class=\"rpwe-summary\">Dimanche 21 d\u00e9cembre\u00a0\u00e0 17h,\u00a0un concert de No\u00ebl est offert par la municipalit\u00e9, en\u00a0l\u2019\u00e9glise Notre-Dame de Ch\u00e2tillon sur Indre.\u00a0\u00a0 Sous la direction de Catherine Cardin, le Ch\u0153ur Eph\u00e9m\u00e8re, accompagn\u00e9 au piano par Irina Kataeva et G\u00e9rard de Montigny \u00e0 l\u2019harmonium, pr\u00e9sentera un programme compos\u00e9 d\u2019une vingtaine de titres. Les choristes seront &hellip;<a href=\"https:\/\/www.brenne-au-coeur.com\/index.php\/2025\/12\/09\/concert-de-noel-a-chatillon-2\/chatillon-sur-indre\/7297\/\" class=\"more-link\">Lire la suite...<\/a><\/div><\/li><li class=\"rpwe-li rpwe-clearfix\"><a class=\"rpwe-img\" href=\"https:\/\/www.brenne-au-coeur.com\/index.php\/2024\/07\/15\/un-maitre-nageur-pour-chatillon\/chatillon-sur-indre\/5830\/\" target=\"_self\"><img class=\"rpwe-alignleft rpwe-thumb\" src=\"https:\/\/www.brenne-au-coeur.com\/wp-content\/uploads\/2024\/07\/logo-chatillon-imprimable-jpg-120x120.jpg\" alt=\"Un ma\u00eetre nageur pour Chatillon\u00a0!\" height=\"120\" width=\"120\" loading=\"lazy\" decoding=\"async\"><\/a><h3 class=\"rpwe-title\"><a href=\"https:\/\/www.brenne-au-coeur.com\/index.php\/2024\/07\/15\/un-maitre-nageur-pour-chatillon\/chatillon-sur-indre\/5830\/\" target=\"_self\">Un ma\u00eetre nageur pour Chatillon\u00a0!<\/a><\/h3><time class=\"rpwe-time published\" datetime=\"2024-07-15T14:03:39+02:00\">15 juillet 2024<\/time><div class=\"rpwe-summary\">Le Club Nautique de Ch\u00e2tillon sur Indre (C.N.C.I.) recherche un ma\u00eetre nageur exp\u00e9riment\u00e9 pour animer le club pour la saison 2024\/2025, suite au d\u00e9part de l\u2019entra\u00eeneur actuel. Nomination indispensable pour la poursuite des activit\u00e9s du club. Le CNCI a termin\u00e9 la saison 2023\/2024 avec 355 licenci\u00e9s, ce qui le propulse &hellip;<a href=\"https:\/\/www.brenne-au-coeur.com\/index.php\/2024\/07\/15\/un-maitre-nageur-pour-chatillon\/chatillon-sur-indre\/5830\/\" class=\"more-link\">Lire la suite...<\/a><\/div><\/li><li class=\"rpwe-li rpwe-clearfix\"><a class=\"rpwe-img\" href=\"https:\/\/www.brenne-au-coeur.com\/index.php\/2023\/12\/19\/concert-de-noel-a-chatillon\/chatillon-sur-indre\/5125\/\" target=\"_self\"><img class=\"rpwe-alignleft rpwe-thumb\" src=\"https:\/\/www.brenne-au-coeur.com\/wp-content\/uploads\/2023\/12\/20231216_193503.resized-120x120.jpg\" alt=\"Concert de No\u00ebl \u00e0 Ch\u00e2tillon\" height=\"120\" width=\"120\" loading=\"lazy\" decoding=\"async\"><\/a><h3 class=\"rpwe-title\"><a href=\"https:\/\/www.brenne-au-coeur.com\/index.php\/2023\/12\/19\/concert-de-noel-a-chatillon\/chatillon-sur-indre\/5125\/\" target=\"_self\">Concert de No\u00ebl \u00e0 Ch\u00e2tillon<\/a><\/h3><time class=\"rpwe-time published\" datetime=\"2023-12-19T18:42:15+01:00\">19 d\u00e9cembre 2023<\/time><div class=\"rpwe-summary\">Samedi 16 d\u00e9cembre, en l\u2019\u00e9glise de Ch\u00e2tillon-sur-Indre, un nombreux public est venu assister au traditionnel concert de No\u00ebl, propos\u00e9 par la municipalit\u00e9. Un voyage musical parmi des \u0153uvres de Bellini et Schumann, en passant par Bach, Mozart, Gounod jusqu\u2019\u00e0 Adolphe Adam pour le fameux \u00ab\u00a0Minuit, Chr\u00e9tiens\u00a0\u00bb. Le spectacle a \u00e9t\u00e9 &hellip;<a href=\"https:\/\/www.brenne-au-coeur.com\/index.php\/2023\/12\/19\/concert-de-noel-a-chatillon\/chatillon-sur-indre\/5125\/\" class=\"more-link\">Lire la suite...<\/a><\/div><\/li><li class=\"rpwe-li rpwe-clearfix\"><a class=\"rpwe-img\" href=\"https:\/\/www.brenne-au-coeur.com\/index.php\/2022\/12\/12\/le-club-de-natation-de-chatillon-en-haut-de-la-vague\/chatillon-sur-indre\/3580\/\" target=\"_self\"><img class=\"rpwe-alignleft rpwe-thumb\" src=\"https:\/\/www.brenne-au-coeur.com\/wp-content\/uploads\/2022\/12\/club-chatillon-4-120x120.jpg\" alt=\"Le club de natation de Ch\u00e2tillon, en haut de la vague\" height=\"120\" width=\"120\" loading=\"lazy\" decoding=\"async\"><\/a><h3 class=\"rpwe-title\"><a href=\"https:\/\/www.brenne-au-coeur.com\/index.php\/2022\/12\/12\/le-club-de-natation-de-chatillon-en-haut-de-la-vague\/chatillon-sur-indre\/3580\/\" target=\"_self\">Le club de natation de Ch\u00e2tillon, en haut de la vague<\/a><\/h3><time class=\"rpwe-time published\" datetime=\"2022-12-12T11:54:22+01:00\">12 d\u00e9cembre 2022<\/time><div class=\"rpwe-summary\">Le Club Nautique de Ch\u00e2tillon-sur-Indre (CNCI), avec 252 licenci\u00e9s, dont pr\u00e8s de 70 enfants, est d\u00e9sormais le club le plus important du d\u00e9partement en nombre d\u2019adh\u00e9rents. Il accueille m\u00eame dans ses rangs, des personnes venant du sud de l\u2019Indre et Loire ou bien encore du Loir et Cher. Si la &hellip;<a href=\"https:\/\/www.brenne-au-coeur.com\/index.php\/2022\/12\/12\/le-club-de-natation-de-chatillon-en-haut-de-la-vague\/chatillon-sur-indre\/3580\/\" class=\"more-link\">Lire la suite...<\/a><\/div><\/li><li class=\"rpwe-li rpwe-clearfix\"><a class=\"rpwe-img\" href=\"https:\/\/www.brenne-au-coeur.com\/index.php\/2022\/08\/31\/a-chacun-sa-piscine\/evenements\/2326\/\" target=\"_self\"><img class=\"rpwe-alignleft rpwe-thumb\" src=\"https:\/\/www.brenne-au-coeur.com\/wp-content\/uploads\/2022\/08\/portes-ouvertes-piscine.resized-120x120.jpg\" alt=\"\u00c0 chacun sa piscine\" height=\"120\" width=\"120\" loading=\"lazy\" decoding=\"async\"><\/a><h3 class=\"rpwe-title\"><a href=\"https:\/\/www.brenne-au-coeur.com\/index.php\/2022\/08\/31\/a-chacun-sa-piscine\/evenements\/2326\/\" target=\"_self\">\u00c0 chacun sa piscine<\/a><\/h3><time class=\"rpwe-time published\" datetime=\"2022-08-31T16:52:47+02:00\">31 ao\u00fbt 2022<\/time><div class=\"rpwe-summary\">Samedi 17 septembre, de 13h \u00e0 17h, piscine A.Freville, les animateurs du club nautique de Ch\u00e2tillon ouvrent leurs portes. Ils donneront l\u2019occasion au public, de d\u00e9couvrir la diversit\u00e9 des leurs activit\u00e9s. Et c\u2019est peu de dire qu\u2019il y en a pour tous. Jeunes, tr\u00e8s jeunes, moins jeunes, d\u00e9butants, exp\u00e9riment\u00e9s, comp\u00e9titeurs\u2026 &hellip;<a href=\"https:\/\/www.brenne-au-coeur.com\/index.php\/2022\/08\/31\/a-chacun-sa-piscine\/evenements\/2326\/\" class=\"more-link\">Lire la suite...<\/a><\/div><\/li><li class=\"rpwe-li rpwe-clearfix\"><a class=\"rpwe-img\" href=\"https:\/\/www.brenne-au-coeur.com\/index.php\/2022\/07\/02\/piscine-en-fete-a-chatillon\/chatillon-sur-indre\/2049\/\" target=\"_self\"><img class=\"rpwe-alignleft rpwe-thumb\" src=\"https:\/\/www.brenne-au-coeur.com\/wp-content\/uploads\/2022\/07\/piscine-chatillon-2.resized-120x120.jpg\" alt=\"Piscine en f\u00eate \u00e0 Ch\u00e2tillon\" height=\"120\" width=\"120\" loading=\"lazy\" decoding=\"async\"><\/a><h3 class=\"rpwe-title\"><a href=\"https:\/\/www.brenne-au-coeur.com\/index.php\/2022\/07\/02\/piscine-en-fete-a-chatillon\/chatillon-sur-indre\/2049\/\" target=\"_self\">Piscine en f\u00eate \u00e0 Ch\u00e2tillon<\/a><\/h3><time class=\"rpwe-time published\" datetime=\"2022-07-02T12:03:32+02:00\">2 juillet 2022<\/time><div class=\"rpwe-summary\">Le club de natation de Ch\u00e2tillon a retrouv\u00e9 le go\u00fbt de la f\u00eate ce samedi 25 juin. Apr\u00e8s trois ans d\u2019absence li\u00e9e \u00e0 la crise sanitaire, l\u2019association, a de nouveau organis\u00e9 un apr\u00e8s-midi festif, qui laisse pr\u00e9sager une belle saison 2022\/2023. Courses de nage pour tous \u00e2ges, opposant notamment les &hellip;<a href=\"https:\/\/www.brenne-au-coeur.com\/index.php\/2022\/07\/02\/piscine-en-fete-a-chatillon\/chatillon-sur-indre\/2049\/\" class=\"more-link\">Lire la suite...<\/a><\/div><\/li><li class=\"rpwe-li rpwe-clearfix\"><a class=\"rpwe-img\" href=\"https:\/\/www.brenne-au-coeur.com\/index.php\/2022\/05\/12\/lart-du-pastel-sexpose-en-berry\/chatillon-sur-indre\/1566\/\" target=\"_self\"><img class=\"rpwe-alignleft rpwe-thumb\" src=\"https:\/\/www.brenne-au-coeur.com\/wp-content\/uploads\/2022\/05\/pastel-annick-120x120.jpeg\" alt=\"L\u2019art du pastel s\u2019expose en Berry\" height=\"120\" width=\"120\" loading=\"lazy\" decoding=\"async\"><\/a><h3 class=\"rpwe-title\"><a href=\"https:\/\/www.brenne-au-coeur.com\/index.php\/2022\/05\/12\/lart-du-pastel-sexpose-en-berry\/chatillon-sur-indre\/1566\/\" target=\"_self\">L\u2019art du pastel s\u2019expose en Berry<\/a><\/h3><time class=\"rpwe-time published\" datetime=\"2022-05-12T21:01:26+02:00\">12 mai 2022<\/time><div class=\"rpwe-summary\">Du 20 mai au 19 juin, l\u2019Office de tourisme du Ch\u00e2tillonnais en Berry accueille les \u0153uvres d\u2019Annick Gontier et de ses amies pastellistes. Une exposition de tableaux qui donnera une id\u00e9e pr\u00e9cise, de toute l\u2019\u00e9tendue de cr\u00e9ation que poss\u00e8de cette discipline artistique. &nbsp; La salle Jeanne de France ouvre ses &hellip;<a href=\"https:\/\/www.brenne-au-coeur.com\/index.php\/2022\/05\/12\/lart-du-pastel-sexpose-en-berry\/chatillon-sur-indre\/1566\/\" class=\"more-link\">Lire la suite...<\/a><\/div><\/li><\/ul><\/div><!-- Generated by http:\/\/wordpress.org\/plugins\/recent-posts-widget-extended\/ --><\/div><!-- \/Widget Shortcode --><\/p>\n","protected":false},"excerpt":{"rendered":"","protected":false},"author":1,"featured_media":0,"parent":0,"menu_order":0,"comment_status":"closed","ping_status":"closed","template":"","meta":{"rop_custom_images_group":[],"rop_custom_messages_group":[],"rop_publish_now":"initial","rop_publish_now_accounts":[],"rop_publish_now_history":[],"rop_publish_now_status":"pending","_monsterinsights_skip_tracking":false,"_monsterinsights_sitenote_active":false,"_monsterinsights_sitenote_note":"","_monsterinsights_sitenote_category":0,"neve_meta_sidebar":"","neve_meta_container":"","neve_meta_enable_content_width":"off","neve_meta_content_width":100,"neve_meta_title_alignment":"","neve_meta_author_avatar":"","neve_post_elements_order":"","neve_meta_disable_header":"","neve_meta_disable_footer":"","neve_meta_disable_title":"","footnotes":""},"class_list":["post-1758","page","type-page","status-publish","hentry"],"aioseo_notices":[],"jetpack-related-posts":[],"jetpack_sharing_enabled":true,"_links":{"self":[{"href":"https:\/\/www.brenne-au-coeur.com\/index.php\/wp-json\/wp\/v2\/pages\/1758","targetHints":{"allow":["GET"]}}],"collection":[{"href":"https:\/\/www.brenne-au-coeur.com\/index.php\/wp-json\/wp\/v2\/pages"}],"about":[{"href":"https:\/\/www.brenne-au-coeur.com\/index.php\/wp-json\/wp\/v2\/types\/page"}],"author":[{"embeddable":true,"href":"https:\/\/www.brenne-au-coeur.com\/index.php\/wp-json\/wp\/v2\/users\/1"}],"replies":[{"embeddable":true,"href":"https:\/\/www.brenne-au-coeur.com\/index.php\/wp-json\/wp\/v2\/comments?post=1758"}],"version-history":[{"count":0,"href":"https:\/\/www.brenne-au-coeur.com\/index.php\/wp-json\/wp\/v2\/pages\/1758\/revisions"}],"wp:attachment":[{"href":"https:\/\/www.brenne-au-coeur.com\/index.php\/wp-json\/wp\/v2\/media?parent=1758"}],"curies":[{"name":"wp","href":"https:\/\/api.w.org\/{rel}","templated":true}]}}